{"id":102,"date":"2025-09-01T17:31:15","date_gmt":"2025-09-01T17:31:15","guid":{"rendered":"https:\/\/marinasilvapinto.pt\/index.php\/loja\/"},"modified":"2025-09-01T21:15:54","modified_gmt":"2025-09-01T21:15:54","slug":"loja","status":"publish","type":"page","link":"https:\/\/marinasilvapinto.pt\/index.php\/loja\/","title":{"rendered":"Shop"},"content":{"rendered":"\n<div class=\"wp-block-woocommerce-product-collection\">\n<h2 class=\"wp-block-heading has-text-align-center\" style=\"margin-bottom:1rem\">Produtos em destaque<\/h2>\n\n\n\n\n<div class=\"is-loading\"><\/div>\n\n\n<h2 style=\"line-height:1.4; margin-bottom:0.75rem;margin-top:0;\" class=\"has-text-align-center wp-block-post-title has-medium-font-size\"><a href=\"https:\/\/marinasilvapinto.pt\/index.php\/loja\/\" target=\"_self\" >Shop<\/a><\/h2>\n\n\n<div class=\"is-loading\"><\/div>\n\n\n\n<\/div>\n\n\n\n<p><strong>Sess\u00e3o Individual<\/strong> &#8211; Constela\u00e7\u00f5es Sist\u00e9micas (online)<\/p>\n\n\n\n<p><strong>Pack Transforma\u00e7\u00e3o (3 sess\u00f5es)<\/strong> &#8211; 3 sess\u00f5es de Constela\u00e7\u00e3o Familiar e\/ou Terapia Energ\u00e9tica<\/p>\n\n\n\n<p><strong>Pack Jornada (5 sess\u00f5es)<\/strong> &#8211; 5 sess\u00f5es profundas para acompanhar um processo de transforma\u00e7\u00e3o cont\u00ednua<\/p>\n\n\n\n<p><strong>Pack Cura Profunda (10 sess\u00f5es)<\/strong> &#8211; 10 sess\u00f5es para mergulhar no teu processo de cura e transforma\u00e7\u00e3o<\/p>\n\n\n\n<p><\/p>\n","protected":false},"excerpt":{"rendered":"<p>Sess\u00e3o Individual &#8211; Constela\u00e7\u00f5es Sist\u00e9micas (online) Pack Transforma\u00e7\u00e3o (3 sess\u00f5es) &#8211; 3 sess\u00f5es de Constela\u00e7\u00e3o Familiar e\/ou Terapia Energ\u00e9tica Pack Jornada (5 sess\u00f5es) &#8211; 5 sess\u00f5es profundas para acompanhar um processo de transforma\u00e7\u00e3o cont\u00ednua Pack Cura Profunda (10 sess\u00f5es) &#8211; 10 sess\u00f5es para mergulhar no teu processo de cura e transforma\u00e7\u00e3o<\/p>\n","protected":false},"author":1,"featured_media":158,"parent":0,"menu_order":0,"comment_status":"closed","ping_status":"closed","template":"","meta":{"advanced_seo_description":"","jetpack_seo_html_title":"","jetpack_seo_noindex":false,"jetpack_post_was_ever_published":false,"footnotes":""},"class_list":["post-102","page","type-page","status-publish","has-post-thumbnail","hentry"],"jetpack_likes_enabled":true,"jetpack-related-posts":[],"jetpack_sharing_enabled":true,"_links":{"self":[{"href":"https:\/\/marinasilvapinto.pt\/index.php\/wp-json\/wp\/v2\/pages\/102","targetHints":{"allow":["GET"]}}],"collection":[{"href":"https:\/\/marinasilvapinto.pt\/index.php\/wp-json\/wp\/v2\/pages"}],"about":[{"href":"https:\/\/marinasilvapinto.pt\/index.php\/wp-json\/wp\/v2\/types\/page"}],"author":[{"embeddable":true,"href":"https:\/\/marinasilvapinto.pt\/index.php\/wp-json\/wp\/v2\/users\/1"}],"replies":[{"embeddable":true,"href":"https:\/\/marinasilvapinto.pt\/index.php\/wp-json\/wp\/v2\/comments?post=102"}],"version-history":[{"count":1,"href":"https:\/\/marinasilvapinto.pt\/index.php\/wp-json\/wp\/v2\/pages\/102\/revisions"}],"predecessor-version":[{"id":159,"href":"https:\/\/marinasilvapinto.pt\/index.php\/wp-json\/wp\/v2\/pages\/102\/revisions\/159"}],"wp:featuredmedia":[{"embeddable":true,"href":"https:\/\/marinasilvapinto.pt\/index.php\/wp-json\/wp\/v2\/media\/158"}],"wp:attachment":[{"href":"https:\/\/marinasilvapinto.pt\/index.php\/wp-json\/wp\/v2\/media?parent=102"}],"curies":[{"name":"wp","href":"https:\/\/api.w.org\/{rel}","templated":true}]}}