{"id":46,"date":"2025-08-29T16:06:53","date_gmt":"2025-08-29T16:06:53","guid":{"rendered":"https:\/\/marinasilvapinto.pt\/?page_id=46"},"modified":"2025-08-29T16:06:53","modified_gmt":"2025-08-29T16:06:53","slug":"sobre-mim","status":"publish","type":"page","link":"https:\/\/marinasilvapinto.pt\/index.php\/sobre-mim\/","title":{"rendered":"Sobre mim"},"content":{"rendered":"\n<p>O meu nome \u00e9\u00a0<strong>Marina Pinto<\/strong>\u00a0e sou facilitadora de Constela\u00e7\u00f5es Familiares, terapeuta energ\u00e9tica, praticante de\u00a0<strong>ThetaHealing<\/strong>\u00a0e\u00a0<strong>Mestre Reiki n\u00edvel 3A<\/strong>. Formei-me em\u00a0<strong>Gest\u00e3o de Empresas<\/strong>\u00a0e especializei-me em Constela\u00e7\u00f5es Familiares com\u00a0<strong>a Paula Ponce<\/strong>, aprendendo a guiar processos de cura com profundidade, cuidado e simplicidade.<\/p>\n\n\n\n<p>Acredito que cada pessoa carrega dentro de si hist\u00f3rias que n\u00e3o come\u00e7ou, mas que influenciam a forma como vive hoje. O meu trabalho \u00e9 ajudar-te a olhar para essas ra\u00edzes com clareza, para que possas libertar bloqueios, curar rela\u00e7\u00f5es e criar novas escolhas.<\/p>\n\n\n\n<p>Mais do que uma t\u00e9cnica, o que ofere\u00e7o \u00e9 um\u00a0<strong>espa\u00e7o seguro, humano e simples<\/strong>\u00a0 onde podes ser tu, sem m\u00e1scaras, e come\u00e7ar a transformar a tua vida a partir do que realmente importa.<\/p>\n","protected":false},"excerpt":{"rendered":"<p>O meu nome \u00e9\u00a0Marina Pinto\u00a0e sou facilitadora de Constela\u00e7\u00f5es Familiares, terapeuta energ\u00e9tica, praticante de\u00a0ThetaHealing\u00a0e\u00a0Mestre Reiki n\u00edvel 3A. Formei-me em\u00a0Gest\u00e3o de Empresas\u00a0e especializei-me em Constela\u00e7\u00f5es Familiares com\u00a0a Paula Ponce, aprendendo a guiar processos de cura com profundidade, cuidado e simplicidade. Acredito que cada pessoa carrega dentro de si hist\u00f3rias que n\u00e3o come\u00e7ou, mas que influenciam a [&hellip;]<\/p>\n","protected":false},"author":1,"featured_media":0,"parent":0,"menu_order":0,"comment_status":"closed","ping_status":"closed","template":"","meta":{"advanced_seo_description":"","jetpack_seo_html_title":"","jetpack_seo_noindex":false,"jetpack_post_was_ever_published":false,"footnotes":""},"class_list":["post-46","page","type-page","status-publish","hentry"],"jetpack_likes_enabled":true,"jetpack-related-posts":[],"jetpack_sharing_enabled":true,"_links":{"self":[{"href":"https:\/\/marinasilvapinto.pt\/index.php\/wp-json\/wp\/v2\/pages\/46","targetHints":{"allow":["GET"]}}],"collection":[{"href":"https:\/\/marinasilvapinto.pt\/index.php\/wp-json\/wp\/v2\/pages"}],"about":[{"href":"https:\/\/marinasilvapinto.pt\/index.php\/wp-json\/wp\/v2\/types\/page"}],"author":[{"embeddable":true,"href":"https:\/\/marinasilvapinto.pt\/index.php\/wp-json\/wp\/v2\/users\/1"}],"replies":[{"embeddable":true,"href":"https:\/\/marinasilvapinto.pt\/index.php\/wp-json\/wp\/v2\/comments?post=46"}],"version-history":[{"count":1,"href":"https:\/\/marinasilvapinto.pt\/index.php\/wp-json\/wp\/v2\/pages\/46\/revisions"}],"predecessor-version":[{"id":47,"href":"https:\/\/marinasilvapinto.pt\/index.php\/wp-json\/wp\/v2\/pages\/46\/revisions\/47"}],"wp:attachment":[{"href":"https:\/\/marinasilvapinto.pt\/index.php\/wp-json\/wp\/v2\/media?parent=46"}],"curies":[{"name":"wp","href":"https:\/\/api.w.org\/{rel}","templated":true}]}}